{"id":20,"date":"2024-07-23T18:53:59","date_gmt":"2024-07-23T18:53:59","guid":{"rendered":"https:\/\/aspecto.com.pl\/?page_id=20"},"modified":"2025-07-25T06:49:45","modified_gmt":"2025-07-25T06:49:45","slug":"telekomunikacja","status":"publish","type":"page","link":"https:\/\/aspecto.com.pl\/index.php\/telekomunikacja\/","title":{"rendered":"Telekomunikacja"},"content":{"rendered":"<p>[et_pb_section fb_built=&#8221;1&#8243; custom_padding_last_edited=&#8221;on|phone&#8221; _builder_version=&#8221;4.27.0&#8243; _module_preset=&#8221;default&#8221; background_enable_image=&#8221;off&#8221; parallax=&#8221;on&#8221; background_video_mp4=&#8221;https:\/\/aspecto.com.pl\/wp-content\/uploads\/2024\/07\/6040883_Telecommunication_Tower_1280x720.mp4&#8243; custom_padding=&#8221;12%||12%||true|false&#8221; custom_padding_tablet=&#8221;12%||12%||true|false&#8221; custom_padding_phone=&#8221;25%||25%||true|false&#8221; da_disable_devices=&#8221;off|off|off&#8221; global_colors_info=&#8221;{}&#8221; da_is_popup=&#8221;off&#8221; da_exit_intent=&#8221;off&#8221; da_has_close=&#8221;on&#8221; da_alt_close=&#8221;off&#8221; da_dark_close=&#8221;off&#8221; da_not_modal=&#8221;on&#8221; da_is_singular=&#8221;off&#8221; da_with_loader=&#8221;off&#8221; da_has_shadow=&#8221;on&#8221;][et_pb_row _builder_version=&#8221;4.27.0&#8243; _module_preset=&#8221;default&#8221; width=&#8221;95%&#8221; global_colors_info=&#8221;{}&#8221;][et_pb_column type=&#8221;4_4&#8243; _builder_version=&#8221;4.16&#8243; _module_preset=&#8221;default&#8221; global_colors_info=&#8221;{}&#8221;][et_pb_text _builder_version=&#8221;4.27.0&#8243; _module_preset=&#8221;default&#8221; header_text_color=&#8221;#FFFFFF&#8221; header_font_size=&#8221;40px&#8221; header_text_shadow_style=&#8221;preset1&#8243; global_colors_info=&#8221;{}&#8221;]<\/p>\n<h1><strong>Telekomunikacja<\/strong><\/h1>\n<p>[\/et_pb_text][dnxte_text_highlight before_text=&#8221;Przeprowadzamy inspekcje  GSM oraz stacji BTS&#8221; dnxt_svg_select=&#8221;zigzag&#8221; _builder_version=&#8221;4.27.0&#8243; _module_preset=&#8221;default&#8221; heading_fonts_text_color=&#8221;#FFFFFF&#8221; heading_fonts_font_size=&#8221;20px&#8221; animation_fonts_text_color=&#8221;#FFFFFF&#8221; animation_fonts_font_size=&#8221;20px&#8221; heading_fonts_text_shadow_style=&#8221;preset1&#8243; heading_fonts_text_shadow_color=&#8221;#000000&#8243; global_colors_info=&#8221;{}&#8221;][\/dnxte_text_highlight][et_pb_button button_url=&#8221;#kont&#8221; button_text=&#8221;Kontakt&#8221; _builder_version=&#8221;4.27.0&#8243; _module_preset=&#8221;default&#8221; custom_button=&#8221;on&#8221; button_text_color=&#8221;#000000&#8243; button_bg_color=&#8221;#FFFFFF&#8221; button_border_color=&#8221;#FFFFFF&#8221; button_icon=&#8221;&#x49;||divi||400&#8243; button_icon_color=&#8221;#000000&#8243; box_shadow_style=&#8221;preset1&#8243; box_shadow_color=&#8221;#000000&#8243; global_colors_info=&#8221;{}&#8221; button_border_width__hover_enabled=&#8221;on|hover&#8221; button_border_width__hover=&#8221;2px&#8221;][\/et_pb_button][\/et_pb_column][\/et_pb_row][\/et_pb_section][et_pb_section fb_built=&#8221;1&#8243; _builder_version=&#8221;4.27.0&#8243; _module_preset=&#8221;default&#8221; background_enable_color=&#8221;off&#8221; background_last_edited=&#8221;on|desktop&#8221; background_enable_color_phone=&#8221;off&#8221; background_enable_pattern_style_tablet=&#8221;off&#8221; background_enable_pattern_style_phone=&#8221;off&#8221; da_disable_devices=&#8221;off|off|off&#8221; global_colors_info=&#8221;{}&#8221; da_is_popup=&#8221;off&#8221; da_exit_intent=&#8221;off&#8221; da_has_close=&#8221;on&#8221; da_alt_close=&#8221;off&#8221; da_dark_close=&#8221;off&#8221; da_not_modal=&#8221;on&#8221; da_is_singular=&#8221;off&#8221; da_with_loader=&#8221;off&#8221; da_has_shadow=&#8221;on&#8221;][et_pb_row column_structure=&#8221;1_2,1_2&#8243; use_custom_gutter=&#8221;on&#8221; disabled_on=&#8221;on|on|off&#8221; _builder_version=&#8221;4.27.0&#8243; _module_preset=&#8221;default&#8221; width=&#8221;85%&#8221; max_width=&#8221;1500px&#8221; global_colors_info=&#8221;{}&#8221;][et_pb_column type=&#8221;1_2&#8243; _builder_version=&#8221;4.27.0&#8243; _module_preset=&#8221;default&#8221; animation_style=&#8221;slide&#8221; animation_direction=&#8221;left&#8221; global_colors_info=&#8221;{}&#8221;][et_pb_blurb title=&#8221;Zle\u0107 nam inspekcj\u0119 lub przygotowanie audytu&#8221; image=&#8221;https:\/\/aspecto.com.pl\/wp-content\/uploads\/2024\/09\/11d.png&#8221; icon_placement=&#8221;left&#8221; image_icon_width=&#8221;30px&#8221; content_max_width=&#8221;100%&#8221; _builder_version=&#8221;4.27.0&#8243; _module_preset=&#8221;default&#8221; header_font_size=&#8221;30px&#8221; body_text_color=&#8221;#000000&#8243; body_font_size=&#8221;16px&#8221; body_line_height=&#8221;1.8em&#8221; custom_margin=&#8221;|||0px|false|false&#8221; custom_padding=&#8221;|||0px|false|false&#8221; body_text_shadow_style=&#8221;preset1&#8243; body_text_shadow_vertical_length=&#8221;0.02em&#8221; body_text_shadow_blur_strength=&#8221;0.02em&#8221; global_colors_info=&#8221;{%22gcid-e6f8585f-043d-4f05-ad96-fb05b9e45208%22:%91%22icon_color%22%93}&#8221;]<\/p>\n<p><span style=\"font-weight: 400;\">Bezza\u0142ogowe statki powietrzne zmieniaj\u0105 spos\u00f3b, w jaki operatorzy bran\u017cy telekomunikacyjnej mog\u0105 planowa\u0107 i realizowa\u0107 inwestycje. Pocz\u0105wszy od pozyskiwania dokumentacji fotograficznej do wst\u0119pnych raport\u00f3w o wp\u0142ywie stacji bazowych na \u015brodowisko, po audyty i inspekcje infrastruktury, konstrukcji i wyposa\u017cenia maszt\u00f3w.\u00a0<\/span><\/p>\n<p><span style=\"font-weight: 400;\">Drony umo\u017cliwiaj\u0105 przeprowadzanie efektywnych oraz bezpiecznych inspekcji teren\u00f3w inwestycyjnych oraz cyklicznych nalot\u00f3w kontrolnych w trakcje eksploatacji stacji BTS oraz maszt\u00f3w antenowych.<\/span><\/p>\n<p>[\/et_pb_blurb][\/et_pb_column][et_pb_column type=&#8221;1_2&#8243; _builder_version=&#8221;4.27.0&#8243; _module_preset=&#8221;default&#8221; animation_style=&#8221;slide&#8221; animation_direction=&#8221;right&#8221; global_colors_info=&#8221;{}&#8221;][et_pb_image src=&#8221;https:\/\/aspecto.com.pl\/wp-content\/uploads\/2024\/07\/8-2.jpg&#8221; title_text=&#8221;8 (2)&#8221; _builder_version=&#8221;4.27.3&#8243; _module_preset=&#8221;default&#8221; hover_enabled=&#8221;0&#8243; box_shadow_style=&#8221;preset2&#8243; box_shadow_horizontal=&#8221;3px&#8221; box_shadow_color=&#8221;rgba(0,0,0,0.64)&#8221; global_colors_info=&#8221;{}&#8221; sticky_enabled=&#8221;0&#8243;][\/et_pb_image][\/et_pb_column][\/et_pb_row][et_pb_row column_structure=&#8221;1_2,1_2&#8243; use_custom_gutter=&#8221;on&#8221; disabled_on=&#8221;off|off|on&#8221; _builder_version=&#8221;4.27.0&#8243; _module_preset=&#8221;default&#8221; width=&#8221;100%&#8221; max_width=&#8221;1500px&#8221; global_colors_info=&#8221;{}&#8221;][et_pb_column type=&#8221;1_2&#8243; _builder_version=&#8221;4.27.0&#8243; _module_preset=&#8221;default&#8221; animation_style=&#8221;slide&#8221; animation_direction=&#8221;left&#8221; global_colors_info=&#8221;{}&#8221;][et_pb_image src=&#8221;https:\/\/aspecto.com.pl\/wp-content\/uploads\/2024\/07\/8-2.jpg&#8221; title_text=&#8221;8 (2)&#8221; _builder_version=&#8221;4.27.0&#8243; _module_preset=&#8221;default&#8221; box_shadow_style=&#8221;preset2&#8243; box_shadow_horizontal=&#8221;3px&#8221; box_shadow_color=&#8221;rgba(0,0,0,0.64)&#8221; global_colors_info=&#8221;{}&#8221;][\/et_pb_image][et_pb_blurb title=&#8221;Zle\u0107 nam inspekcj\u0119 lub przygotowanie audytu&#8221; icon_placement=&#8221;left&#8221; image_icon_width=&#8221;70px&#8221; content_max_width=&#8221;100%&#8221; _builder_version=&#8221;4.27.0&#8243; _module_preset=&#8221;default&#8221; header_font_size=&#8221;20px&#8221; body_text_color=&#8221;#000000&#8243; body_font_size=&#8221;16px&#8221; body_line_height=&#8221;1.8em&#8221; custom_margin=&#8221;|||0px|false|false&#8221; custom_padding=&#8221;|15px||15px|false|true&#8221; body_text_shadow_style=&#8221;preset1&#8243; body_text_shadow_vertical_length=&#8221;0.02em&#8221; body_text_shadow_blur_strength=&#8221;0.02em&#8221; global_colors_info=&#8221;{%22gcid-e6f8585f-043d-4f05-ad96-fb05b9e45208%22:%91%22icon_color%22%93}&#8221;]<\/p>\n<p style=\"text-align: justify;\"><span style=\"font-weight: 400;\">Bezza\u0142ogowe statki powietrzne zmieniaj\u0105 spos\u00f3b, w jaki operatorzy bran\u017cy telekomunikacyjnej mog\u0105 planowa\u0107 i realizowa\u0107 inwestycje. Pocz\u0105wszy od pozyskiwania dokumentacji fotograficznej do wst\u0119pnych raport\u00f3w o wp\u0142ywie stacji bazowych na \u015brodowisko, po audyty i inspekcje infrastruktury, konstrukcji i wyposa\u017cenia maszt\u00f3w.\u00a0<\/span><\/p>\n<p style=\"text-align: justify;\"><span style=\"font-weight: 400;\">Drony umo\u017cliwiaj\u0105 przeprowadzanie efektywnych oraz bezpiecznych inspekcji teren\u00f3w inwestycyjnych oraz cyklicznych nalot\u00f3w kontrolnych w trakcje eksploatacji stacji BTS oraz maszt\u00f3w antenowych.<\/span><\/p>\n<p>[\/et_pb_blurb][\/et_pb_column][et_pb_column type=&#8221;1_2&#8243; _builder_version=&#8221;4.27.0&#8243; _module_preset=&#8221;default&#8221; animation_style=&#8221;slide&#8221; animation_direction=&#8221;right&#8221; global_colors_info=&#8221;{}&#8221;][\/et_pb_column][\/et_pb_row][\/et_pb_section]<\/p>\n","protected":false},"excerpt":{"rendered":"<p>Telekomunikacja<div class=\"et_pb_module dnxte_text_highlight dnxte_text_highlight_0\">\n\t\t\t\t\n\t\t\t\t\n\t\t\t\t\n\t\t\t\t\n\t\t\t\t\n\t\t\t\t\n\t\t\t\t<div class=\"et_pb_module_inner\">\n\t\t\t\t\t<h2 class=\"dnxt-highlight-intro  \">\r\n\t\t\t\t\t<span class=\"dnxt-highlight-Btext dnxt-text-heading\">Przeprowadzamy inspekcje GSM oraz stacji BTS<\/span>\r\n\t\t\t\t\t<span class=\"dnxt-text-highlight-animated-wrapper\">\r\n\t\t\t\t\t\t\r\n\t\t\t\t\t\t<span><svg xmlns=\"http:\/\/www.w3.org\/2000\/svg\" viewBox=\"0 0 500 150\" preserveAspectRatio=\"none\"><path d=\"M9.3,127.3c49.3-3,150.7-7.6,199.7-7.4c121.9,0.4,189.9,0.4,282.3,7.2C380.1,129.6,181.2,130.6,70,139 c82.6-2.9,254.2-1,335.9,1.3c-56,1.4-137.2-0.3-197.1,9\"><\/path><\/svg><\/span>\r\n\t\t\t\t\t<\/span>\r\n\t\t\t\t\t\r\n\t\t\t<\/h2>\n\t\t\t\t<\/div>\n\t\t\t<\/div>Bezza\u0142ogowe statki powietrzne zmieniaj\u0105 spos\u00f3b, w jaki operatorzy bran\u017cy telekomunikacyjnej mog\u0105 planowa\u0107 i realizowa\u0107 inwestycje. Pocz\u0105wszy od pozyskiwania dokumentacji fotograficznej do wst\u0119pnych raport\u00f3w o wp\u0142ywie stacji bazowych na \u015brodowisko, po audyty i inspekcje infrastruktury, konstrukcji i wyposa\u017cenia maszt\u00f3w.\u00a0 Drony [&hellip;]<\/p>\n","protected":false},"author":1,"featured_media":0,"parent":0,"menu_order":0,"comment_status":"closed","ping_status":"closed","template":"","meta":{"_et_pb_use_builder":"on","_et_pb_old_content":"","_et_gb_content_width":"","footnotes":""},"difl_page_category":[],"class_list":["post-20","page","type-page","status-publish","hentry"],"_links":{"self":[{"href":"https:\/\/aspecto.com.pl\/index.php\/wp-json\/wp\/v2\/pages\/20"}],"collection":[{"href":"https:\/\/aspecto.com.pl\/index.php\/wp-json\/wp\/v2\/pages"}],"about":[{"href":"https:\/\/aspecto.com.pl\/index.php\/wp-json\/wp\/v2\/types\/page"}],"author":[{"embeddable":true,"href":"https:\/\/aspecto.com.pl\/index.php\/wp-json\/wp\/v2\/users\/1"}],"replies":[{"embeddable":true,"href":"https:\/\/aspecto.com.pl\/index.php\/wp-json\/wp\/v2\/comments?post=20"}],"version-history":[{"count":30,"href":"https:\/\/aspecto.com.pl\/index.php\/wp-json\/wp\/v2\/pages\/20\/revisions"}],"predecessor-version":[{"id":802,"href":"https:\/\/aspecto.com.pl\/index.php\/wp-json\/wp\/v2\/pages\/20\/revisions\/802"}],"wp:attachment":[{"href":"https:\/\/aspecto.com.pl\/index.php\/wp-json\/wp\/v2\/media?parent=20"}],"wp:term":[{"taxonomy":"difl_page_category","embeddable":true,"href":"https:\/\/aspecto.com.pl\/index.php\/wp-json\/wp\/v2\/difl_page_category?post=20"}],"curies":[{"name":"wp","href":"https:\/\/api.w.org\/{rel}","templated":true}]}}