{"id":18,"date":"2024-07-23T18:53:38","date_gmt":"2024-07-23T18:53:38","guid":{"rendered":"https:\/\/aspecto.com.pl\/?page_id=18"},"modified":"2024-09-02T17:15:55","modified_gmt":"2024-09-02T17:15:55","slug":"energetyka","status":"publish","type":"page","link":"https:\/\/aspecto.com.pl\/index.php\/energetyka\/","title":{"rendered":"Energetyka"},"content":{"rendered":"<p>[et_pb_section fb_built=&#8221;1&#8243; custom_padding_last_edited=&#8221;on|phone&#8221; _builder_version=&#8221;4.27.0&#8243; _module_preset=&#8221;default&#8221; background_image=&#8221;https:\/\/aspecto.com.pl\/wp-content\/uploads\/2024\/07\/2148895414.jpg&#8221; parallax=&#8221;on&#8221; background_video_mp4=&#8221;https:\/\/aspecto.com.pl\/wp-content\/uploads\/2024\/07\/1194605_Photovoltaic_Green-Energy_1280x720.mp4&#8243; custom_padding=&#8221;12%||12%||true|false&#8221; custom_padding_tablet=&#8221;12%||12%||true|false&#8221; custom_padding_phone=&#8221;25%||25%||true|false&#8221; da_disable_devices=&#8221;off|off|off&#8221; global_colors_info=&#8221;{}&#8221; da_is_popup=&#8221;off&#8221; da_exit_intent=&#8221;off&#8221; da_has_close=&#8221;on&#8221; da_alt_close=&#8221;off&#8221; da_dark_close=&#8221;off&#8221; da_not_modal=&#8221;on&#8221; da_is_singular=&#8221;off&#8221; da_with_loader=&#8221;off&#8221; da_has_shadow=&#8221;on&#8221;][et_pb_row _builder_version=&#8221;4.27.0&#8243; _module_preset=&#8221;default&#8221; width=&#8221;90%&#8221; global_colors_info=&#8221;{}&#8221;][et_pb_column type=&#8221;4_4&#8243; _builder_version=&#8221;4.16&#8243; _module_preset=&#8221;default&#8221; global_colors_info=&#8221;{}&#8221;][et_pb_text _builder_version=&#8221;4.27.0&#8243; _module_preset=&#8221;default&#8221; header_text_color=&#8221;#FFFFFF&#8221; header_font_size=&#8221;50px&#8221; header_font_size_tablet=&#8221;50px&#8221; header_font_size_phone=&#8221;40px&#8221; header_font_size_last_edited=&#8221;on|phone&#8221; header_text_shadow_style=&#8221;preset1&#8243; header_text_shadow_color=&#8221;#000000&#8243; global_colors_info=&#8221;{}&#8221;]<\/p>\n<h1><strong>Energetyka<\/strong><\/h1>\n<p>[\/et_pb_text][et_pb_text _builder_version=&#8221;4.27.0&#8243; _module_preset=&#8221;default&#8221; text_text_color=&#8221;#FFFFFF&#8221; text_font_size=&#8221;20px&#8221; text_text_shadow_style=&#8221;preset1&#8243; text_text_shadow_color=&#8221;#000000&#8243; global_colors_info=&#8221;{}&#8221;]<\/p>\n<p>Posiadamy w swojej ofercie us\u0142ugi dronem z termowizj\u0105.<br \/>Dzi\u0119ki temu mo\u017cemy szybko oceni\u0107 jako\u015b\u0107 i ewentualne uszkodzenia badanych obiekt\u00f3w.<\/p>\n<p>[\/et_pb_text][et_pb_button button_url=&#8221;#kont&#8221; button_text=&#8221;Kontakt&#8221; _builder_version=&#8221;4.27.0&#8243; _module_preset=&#8221;default&#8221; custom_button=&#8221;on&#8221; button_text_color=&#8221;#000000&#8243; button_bg_color=&#8221;#FFFFFF&#8221; button_border_color=&#8221;#FFFFFF&#8221; button_icon=&#8221;&#x49;||divi||400&#8243; button_icon_color=&#8221;#000000&#8243; box_shadow_style=&#8221;preset1&#8243; box_shadow_color=&#8221;#000000&#8243; global_colors_info=&#8221;{}&#8221; button_border_width__hover_enabled=&#8221;on|hover&#8221; button_border_width__hover=&#8221;2px&#8221;][\/et_pb_button][\/et_pb_column][\/et_pb_row][\/et_pb_section][et_pb_section fb_built=&#8221;1&#8243; _builder_version=&#8221;4.27.0&#8243; _module_preset=&#8221;default&#8221; background_color=&#8221;#FFFFFF&#8221; custom_margin=&#8221;0px||||false|false&#8221; custom_padding=&#8221;0px||||false|false&#8221; background_last_edited=&#8221;on|phone&#8221; background_enable_pattern_style_phone=&#8221;off&#8221; da_disable_devices=&#8221;off|off|off&#8221; global_colors_info=&#8221;{}&#8221; da_is_popup=&#8221;off&#8221; da_exit_intent=&#8221;off&#8221; da_has_close=&#8221;on&#8221; da_alt_close=&#8221;off&#8221; da_dark_close=&#8221;off&#8221; da_not_modal=&#8221;on&#8221; da_is_singular=&#8221;off&#8221; da_with_loader=&#8221;off&#8221; da_has_shadow=&#8221;on&#8221;][et_pb_row _builder_version=&#8221;4.27.0&#8243; _module_preset=&#8221;default&#8221; width_tablet=&#8221;&#8221; width_phone=&#8221;95%&#8221; width_last_edited=&#8221;on|phone&#8221; custom_padding=&#8221;||4px|||&#8221; global_colors_info=&#8221;{}&#8221;][et_pb_column type=&#8221;4_4&#8243; _builder_version=&#8221;4.27.0&#8243; _module_preset=&#8221;default&#8221; global_colors_info=&#8221;{}&#8221;][et_pb_text _builder_version=&#8221;4.27.0&#8243; _module_preset=&#8221;default&#8221; header_3_font=&#8221;||||||||&#8221; header_3_text_align=&#8221;center&#8221; header_3_text_color=&#8221;#000000&#8243; header_3_font_size=&#8221;30px&#8221; hover_enabled=&#8221;0&#8243; global_colors_info=&#8221;{}&#8221; theme_builder_area=&#8221;post_content&#8221; sticky_enabled=&#8221;0&#8243;]<\/p>\n<h3>Inspekcje elektrowni s\u0142onecznych oraz infrastruktury elektroenergetycznej<\/h3>\n<p>[\/et_pb_text][et_pb_blurb icon_placement=&#8221;left&#8221; image_icon_width=&#8221;70px&#8221; content_max_width=&#8221;100%&#8221; _builder_version=&#8221;4.27.0&#8243; _module_preset=&#8221;default&#8221; header_text_align=&#8221;center&#8221; header_font_size=&#8221;30px&#8221; body_text_align=&#8221;justify&#8221; body_text_color=&#8221;#000000&#8243; body_font_size=&#8221;15px&#8221; body_line_height=&#8221;1.8em&#8221; custom_margin=&#8221;-15px|||0px|false|false&#8221; custom_padding=&#8221;0px|||0px|false|false&#8221; hover_enabled=&#8221;0&#8243; global_colors_info=&#8221;{%22gcid-e6f8585f-043d-4f05-ad96-fb05b9e45208%22:%91%22icon_color%22%93}&#8221; sticky_enabled=&#8221;0&#8243;]<\/p>\n<p style=\"text-align: center;\"><span>Posiadamy w swojej ofercie us\u0142ugi dronem z termowizj\u0105.<\/span><br \/><span>Dzi\u0119ki temu mo\u017cemy szybko oceni\u0107 jako\u015b\u0107,\u00a0<\/span><span>sprawno\u015b\u0107<\/span><span> i ewentualne uszkodzenia badanych obiekt\u00f3w.<\/span><\/p>\n<p style=\"text-align: center;\">\n<p>[\/et_pb_blurb][\/et_pb_column][\/et_pb_row][et_pb_row column_structure=&#8221;1_2,1_2&#8243; use_custom_gutter=&#8221;on&#8221; disabled_on=&#8221;on|on|off&#8221; _builder_version=&#8221;4.27.0&#8243; _module_preset=&#8221;default&#8221; width=&#8221;85%&#8221; max_width=&#8221;1500px&#8221; global_colors_info=&#8221;{}&#8221;][et_pb_column type=&#8221;1_2&#8243; _builder_version=&#8221;4.27.0&#8243; _module_preset=&#8221;default&#8221; animation_style=&#8221;slide&#8221; animation_direction=&#8221;left&#8221; global_colors_info=&#8221;{}&#8221;][et_pb_blurb title=&#8221;Przy pomocy dron\u00f3w mo\u017cna zidentyfikowa\u0107 :&#8221; image=&#8221;https:\/\/aspecto.com.pl\/wp-content\/uploads\/2024\/09\/11d.png&#8221; icon_placement=&#8221;left&#8221; image_icon_width=&#8221;30px&#8221; content_max_width=&#8221;100%&#8221; _builder_version=&#8221;4.27.0&#8243; _module_preset=&#8221;default&#8221; header_font_size=&#8221;30px&#8221; body_text_color=&#8221;#000000&#8243; body_font_size=&#8221;15px&#8221; body_line_height=&#8221;1.8em&#8221; custom_margin=&#8221;|||0px|false|false&#8221; custom_padding=&#8221;|||0px|false|false&#8221; hover_enabled=&#8221;0&#8243; global_colors_info=&#8221;{%22gcid-body-color%22:%91%22icon_color%22%93}&#8221; body_font=&#8221;&#8211;et_global_heading_font||||||||&#8221; sticky_enabled=&#8221;0&#8243;]<\/p>\n<p><span style=\"font-weight: 400;\"><\/span><\/p>\n<p>Diagnostyka instalacji fotowoltaicznych za pomoc\u0105 drona wyposa\u017conego w kamer\u0119 termowizyjn\u0105 pozwala na wykrycie i dok\u0142adne zlokalizowanie defekt\u00f3w i anomalii w dzia\u0142aniu paneli znacznie szybciej i efektywniej ni\u017c tradycyjnymi metodami kontroli z ziemi. Pozwala to na szybkie reagowanie w przypadku wykrycia b\u0142\u0119d\u00f3w, uszkodze\u0144 w celu optymalizacji wydajno\u015bci produkcyjnej ca\u0142ej instalacji. Wczesne wykrycie defekt\u00f3w minimalizuje straty i ryzyko wi\u0119kszych awarii, niweluj\u0105c koszty.<\/p>\n<p>Badanie termowizyjne z drona dostarczaj\u0105 bardzo szczeg\u00f3\u0142owe dane wizualne i termiczne inwentaryzuj\u0105ce infrastruktur\u0119 energetyczn\u0105 i ciep\u0142ownicz\u0105.<\/p>\n<p>Przy pomocy dron\u00f3w mo\u017cna zidentyfikowa\u0107 m.in.:<\/p>\n<p>&#8211; uszkodzenia mechaniczne, takie jak p\u0119kni\u0119cia, z\u0142amania, odpryski pow\u0142ok,<\/p>\n<p>&#8211; zanieczyszczenia powierzchni przez obiekty obce, kurz, ptasie odchody, kt\u00f3re przy du\u017cym skumulowaniu mog\u0105 prowadzi\u0107 do utraty efektywno\u015bci paneli,<\/p>\n<p>&#8211; zacienienia i wkraczanie ro\u015blinno\u015bci,<\/p>\n<p>&#8211; wadliwe po\u0142\u0105czenia mi\u0119dzy poszczeg\u00f3lnymi panelami,<\/p>\n<p>&#8211; miejsca spadku wydajno\u015bci, spowodowane hot spotami lub nieaktywnymi modu\u0142ami fotowoltaicznymi,<\/p>\n<p>&#8211; aktywne diody bocznikuj\u0105ce,<\/p>\n<p>&#8211; odwrotn\u0105 polaryzacj\u0119,<\/p>\n<p>&#8211; b\u0142\u0119dy monta\u017cowe,<\/p>\n<p>&#8211; mikrouszkodzenia wielkopowierzchniowe spowodowane ekstremalnymi zjawiskami pogodowymi, takimi jak gradobicie czy bardzo silny wiatr.<\/p>\n<p>[\/et_pb_blurb][\/et_pb_column][et_pb_column type=&#8221;1_2&#8243; _builder_version=&#8221;4.27.0&#8243; _module_preset=&#8221;default&#8221; animation_style=&#8221;slide&#8221; animation_direction=&#8221;right&#8221; global_colors_info=&#8221;{}&#8221;][et_pb_image src=&#8221;https:\/\/aspecto.com.pl\/wp-content\/uploads\/2024\/07\/2293.jpg&#8221; title_text=&#8221;2293&#8243; _builder_version=&#8221;4.27.0&#8243; _module_preset=&#8221;default&#8221; box_shadow_style=&#8221;preset2&#8243; box_shadow_horizontal=&#8221;3px&#8221; box_shadow_color=&#8221;rgba(0,0,0,0.64)&#8221; global_colors_info=&#8221;{}&#8221;][\/et_pb_image][\/et_pb_column][\/et_pb_row][et_pb_row column_structure=&#8221;1_2,1_2&#8243; use_custom_gutter=&#8221;on&#8221; disabled_on=&#8221;off|off|on&#8221; _builder_version=&#8221;4.27.0&#8243; _module_preset=&#8221;default&#8221; width=&#8221;100%&#8221; max_width=&#8221;1500px&#8221; global_colors_info=&#8221;{}&#8221;][et_pb_column type=&#8221;1_2&#8243; _builder_version=&#8221;4.27.0&#8243; _module_preset=&#8221;default&#8221; animation_style=&#8221;slide&#8221; animation_direction=&#8221;left&#8221; global_colors_info=&#8221;{}&#8221;][et_pb_image src=&#8221;https:\/\/aspecto.com.pl\/wp-content\/uploads\/2024\/07\/2293.jpg&#8221; title_text=&#8221;2293&#8243; _builder_version=&#8221;4.27.0&#8243; _module_preset=&#8221;default&#8221; box_shadow_style=&#8221;preset2&#8243; box_shadow_horizontal=&#8221;3px&#8221; box_shadow_color=&#8221;rgba(0,0,0,0.64)&#8221; global_colors_info=&#8221;{}&#8221;][\/et_pb_image][et_pb_blurb title=&#8221;Przy pomocy dron\u00f3w mo\u017cna zidentyfikowa\u0107 :&#8221; icon_placement=&#8221;left&#8221; image_icon_width=&#8221;70px&#8221; content_max_width=&#8221;100%&#8221; _builder_version=&#8221;4.27.0&#8243; _module_preset=&#8221;default&#8221; header_font_size=&#8221;20px&#8221; body_text_color=&#8221;#000000&#8243; body_font_size=&#8221;15px&#8221; body_line_height=&#8221;1.8em&#8221; custom_margin=&#8221;|||0px|false|false&#8221; custom_padding=&#8221;|15px||15px|false|true&#8221; global_colors_info=&#8221;{%22gcid-body-color%22:%91%22icon_color%22%93}&#8221;]<\/p>\n<p><span style=\"font-weight: 400;\"><\/span><\/p>\n<p><span style=\"font-weight: 400;\"><\/span><\/p>\n<p>Diagnostyka instalacji fotowoltaicznych za pomoc\u0105 drona wyposa\u017conego w kamer\u0119 termowizyjn\u0105 pozwala na wykrycie i dok\u0142adne zlokalizowanie defekt\u00f3w i anomalii w dzia\u0142aniu paneli znacznie szybciej i efektywniej ni\u017c tradycyjnymi metodami kontroli z ziemi. Pozwala to na szybkie reagowanie w przypadku wykrycia b\u0142\u0119d\u00f3w, uszkodze\u0144 w celu optymalizacji wydajno\u015bci produkcyjnej ca\u0142ej instalacji. Wczesne wykrycie defekt\u00f3w minimalizuje straty i ryzyko wi\u0119kszych awarii, niweluj\u0105c koszty.<\/p>\n<p>Badanie termowizyjne z drona dostarczaj\u0105 bardzo szczeg\u00f3\u0142owe dane wizualne i termiczne inwentaryzuj\u0105ce infrastruktur\u0119 energetyczn\u0105 i ciep\u0142ownicz\u0105.<\/p>\n<p>Przy pomocy dron\u00f3w mo\u017cna zidentyfikowa\u0107 m.in.:<\/p>\n<p>&#8211; uszkodzenia mechaniczne, takie jak p\u0119kni\u0119cia, z\u0142amania, odpryski pow\u0142ok,<\/p>\n<p>&#8211; zanieczyszczenia powierzchni przez obiekty obce, kurz, ptasie odchody, kt\u00f3re przy du\u017cym skumulowaniu mog\u0105 prowadzi\u0107 do utraty efektywno\u015bci paneli,<\/p>\n<p>&#8211; zacienienia i wkraczanie ro\u015blinno\u015bci,<\/p>\n<p>&#8211; wadliwe po\u0142\u0105czenia mi\u0119dzy poszczeg\u00f3lnymi panelami,<\/p>\n<p>&#8211; miejsca spadku wydajno\u015bci, spowodowane hot spotami lub nieaktywnymi modu\u0142ami fotowoltaicznymi,<\/p>\n<p>&#8211; aktywne diody bocznikuj\u0105ce,<\/p>\n<p>&#8211; odwrotn\u0105 polaryzacj\u0119,<\/p>\n<p>&#8211; b\u0142\u0119dy monta\u017cowe,<\/p>\n<p>&#8211; mikrouszkodzenia wielkopowierzchniowe spowodowane ekstremalnymi zjawiskami pogodowymi, takimi jak gradobicie czy bardzo silny wiatr.<\/p>\n<p>[\/et_pb_blurb][\/et_pb_column][et_pb_column type=&#8221;1_2&#8243; _builder_version=&#8221;4.27.0&#8243; _module_preset=&#8221;default&#8221; animation_style=&#8221;slide&#8221; animation_direction=&#8221;right&#8221; global_colors_info=&#8221;{}&#8221;][\/et_pb_column][\/et_pb_row][et_pb_row disabled_on=&#8221;on|on|off&#8221; _builder_version=&#8221;4.27.0&#8243; _module_preset=&#8221;default&#8221; custom_margin=&#8221;4%||||false|false&#8221; custom_padding=&#8221;||0px||false|false&#8221; animation_style=&#8221;zoom&#8221; animation_intensity_zoom=&#8221;10%&#8221; global_colors_info=&#8221;{}&#8221;][et_pb_column type=&#8221;4_4&#8243; _builder_version=&#8221;4.27.0&#8243; _module_preset=&#8221;default&#8221; global_colors_info=&#8221;{}&#8221;][et_pb_text _builder_version=&#8221;4.27.0&#8243; _module_preset=&#8221;default&#8221; header_3_font=&#8221;||||||||&#8221; header_3_text_align=&#8221;center&#8221; header_3_text_color=&#8221;#000000&#8243; header_3_font_size=&#8221;30px&#8221; hover_enabled=&#8221;0&#8243; global_colors_info=&#8221;{}&#8221; theme_builder_area=&#8221;post_content&#8221; sticky_enabled=&#8221;0&#8243;]<\/p>\n<h3>Inspekcje farm wiatrowych<\/h3>\n<p>[\/et_pb_text][et_pb_blurb icon_placement=&#8221;left&#8221; image_icon_width=&#8221;70px&#8221; content_max_width=&#8221;100%&#8221; _builder_version=&#8221;4.27.0&#8243; _module_preset=&#8221;default&#8221; header_text_align=&#8221;center&#8221; header_font_size=&#8221;30px&#8221; body_text_color=&#8221;#000000&#8243; body_font_size=&#8221;15px&#8221; body_line_height=&#8221;1.8em&#8221; custom_margin=&#8221;-15px|||0px|false|false&#8221; custom_padding=&#8221;|||0px|false|false&#8221; hover_enabled=&#8221;0&#8243; global_colors_info=&#8221;{%22gcid-e6f8585f-043d-4f05-ad96-fb05b9e45208%22:%91%22icon_color%22%93}&#8221; sticky_enabled=&#8221;0&#8243;]<\/p>\n<p style=\"text-align: center;\"><span style=\"font-weight: 400;\">Inspekcje farm wiatrowych dronem pozwalaj\u0105 zoptymalizowa\u0107 proces kontroli, eliminuj\u0105 ryzyko pracy na wysoko\u015bci, a ich konkurencyjna cena, w por\u00f3wnaniu z tradycyjnymi metodami, pozwala na cz\u0119stsze i szybsze wykonywanie inspekcji.<\/span><\/p>\n<p>[\/et_pb_blurb][\/et_pb_column][\/et_pb_row][et_pb_row disabled_on=&#8221;off|off|on&#8221; _builder_version=&#8221;4.27.0&#8243; _module_preset=&#8221;default&#8221; custom_margin=&#8221;4%||||false|false&#8221; custom_padding=&#8221;||0px||false|false&#8221; animation_style=&#8221;zoom&#8221; animation_intensity_zoom=&#8221;10%&#8221; global_colors_info=&#8221;{}&#8221;][et_pb_column type=&#8221;4_4&#8243; _builder_version=&#8221;4.27.0&#8243; _module_preset=&#8221;default&#8221; global_colors_info=&#8221;{}&#8221;][et_pb_text _builder_version=&#8221;4.27.0&#8243; _module_preset=&#8221;default&#8221; header_3_font=&#8221;||||||||&#8221; header_3_text_align=&#8221;center&#8221; header_3_text_color=&#8221;#000000&#8243; header_3_font_size=&#8221;20px&#8221; hover_enabled=&#8221;0&#8243; global_colors_info=&#8221;{}&#8221; theme_builder_area=&#8221;post_content&#8221; sticky_enabled=&#8221;0&#8243;]<\/p>\n<h3>Inspekcje farm wiatrowych<\/h3>\n<p>[\/et_pb_text][et_pb_blurb icon_placement=&#8221;left&#8221; image_icon_width=&#8221;70px&#8221; content_max_width=&#8221;100%&#8221; _builder_version=&#8221;4.27.0&#8243; _module_preset=&#8221;default&#8221; header_text_align=&#8221;center&#8221; header_font_size=&#8221;30px&#8221; body_text_color=&#8221;#000000&#8243; body_font_size=&#8221;15px&#8221; body_line_height=&#8221;1.8em&#8221; custom_margin=&#8221;-15px|||0px|false|false&#8221; custom_padding=&#8221;|||0px|false|false&#8221; global_colors_info=&#8221;{%22gcid-e6f8585f-043d-4f05-ad96-fb05b9e45208%22:%91%22icon_color%22%93}&#8221;]<\/p>\n<p style=\"text-align: justify;\"><span style=\"font-weight: 400;\">Inspekcje farm wiatrowych dronem pozwalaj\u0105 zoptymalizowa\u0107 proces kontroli, eliminuj\u0105 ryzyko pracy na wysoko\u015bci, a ich konkurencyjna cena, w por\u00f3wnaniu z tradycyjnymi metodami, pozwala na cz\u0119stsze i szybsze wykonywanie inspekcji.<\/span><\/p>\n<p>[\/et_pb_blurb][\/et_pb_column][\/et_pb_row][et_pb_row column_structure=&#8221;1_2,1_2&#8243; use_custom_gutter=&#8221;on&#8221; disabled_on=&#8221;on|on|off&#8221; _builder_version=&#8221;4.27.0&#8243; _module_preset=&#8221;default&#8221; width=&#8221;85%&#8221; max_width=&#8221;1500px&#8221; custom_margin=&#8221;4%||||false|false&#8221; global_colors_info=&#8221;{}&#8221;][et_pb_column type=&#8221;1_2&#8243; _builder_version=&#8221;4.27.0&#8243; _module_preset=&#8221;default&#8221; animation_style=&#8221;slide&#8221; animation_direction=&#8221;left&#8221; global_colors_info=&#8221;{}&#8221;][et_pb_image src=&#8221;https:\/\/aspecto.com.pl\/wp-content\/uploads\/2024\/07\/10624145.jpg&#8221; title_text=&#8221;10624145&#8243; _builder_version=&#8221;4.27.0&#8243; _module_preset=&#8221;default&#8221; box_shadow_style=&#8221;preset2&#8243; box_shadow_horizontal=&#8221;3px&#8221; box_shadow_color=&#8221;rgba(0,0,0,0.64)&#8221; global_colors_info=&#8221;{}&#8221;][\/et_pb_image][\/et_pb_column][et_pb_column type=&#8221;1_2&#8243; _builder_version=&#8221;4.27.0&#8243; _module_preset=&#8221;default&#8221; animation_style=&#8221;slide&#8221; animation_direction=&#8221;right&#8221; global_colors_info=&#8221;{}&#8221;][et_pb_blurb title=&#8221;Przy pomocy dron\u00f3w mo\u017cna zidentyfikowa\u0107 :&#8221; image=&#8221;https:\/\/aspecto.com.pl\/wp-content\/uploads\/2024\/08\/2-do-j.png&#8221; icon_placement=&#8221;left&#8221; image_icon_width=&#8221;30px&#8221; content_max_width=&#8221;100%&#8221; _builder_version=&#8221;4.27.0&#8243; _module_preset=&#8221;default&#8221; header_font_size=&#8221;30px&#8221; body_text_color=&#8221;#000000&#8243; body_font_size=&#8221;15px&#8221; body_line_height=&#8221;1.8em&#8221; custom_margin=&#8221;|||0px|false|false&#8221; custom_padding=&#8221;|||0px|false|false&#8221; global_colors_info=&#8221;{%22gcid-body-color%22:%91%22icon_color%22%93}&#8221;]<\/p>\n<p><span style=\"font-weight: 400;\"><\/span><\/p>\n<p><span>Zarz\u0105dzanie farmami wiatrowymi wymaga systematycznego monitorowania stanu technicznego turbin, w celu kontroli ich sprawno\u015bci i wydajno\u015b\u0107.\u00a0<\/span><\/p>\n<p><span>Inspekcje farm wiatrowych dronami pozwalaj\u0105 zoptymalizowa\u0107 proces kontroli, eliminuj\u0105 ryzyko pracy na wysoko\u015bci, a ich konkurencyjna cena, w por\u00f3wnaniu z tradycyjnymi metodami, pozwala na cz\u0119stsze i szybsze wykonywanie inspekcji.<\/span><\/p>\n<p><span>Poza kontrol\u0105 zu\u017cycia element\u00f3w konstrukcyjnych turbin wynikaj\u0105cego z eksploatacji, nale\u017cy przeprowadzi\u0107 wnikliw\u0105 diagnostyk\u0119 po ekstremalnych wy\u0142adowaniach atmosferycznych czy bardzo obfitych opadach \u015bniegu b\u0105d\u017a gradobiciu.<\/span><span><\/span><\/p>\n<p><span>Przy pomocy dron\u00f3w jeste\u015bmy w stanie wykry\u0107 np.:<\/span><span><\/span><\/p>\n<p><span>&#8211; erozj\u0119 kraw\u0119dzi natarcia,<\/span><span><\/span><\/p>\n<p><span>&#8211; uszkodzenia spowodowane wy\u0142adowaniami atmosferycznymi,<\/span><span><\/span><\/p>\n<p><span>&#8211; rozwarstwienia i p\u0119kni\u0119cia,<\/span><span><\/span><\/p>\n<p><span>&#8211; zabrudzenia,<\/span><span><\/span><\/p>\n<p><span>&#8211; uszkodzenia pow\u0142oki wierzchniej,<\/span><span><\/span><\/p>\n<p><span>&#8211; suche w\u0142\u00f3kna,<\/span><\/p>\n<p><span>&#8211; uszkodzenia \u0142acznik\u00f3w,<\/span><\/p>\n<p>&nbsp;<\/p>\n<p>[\/et_pb_blurb][\/et_pb_column][\/et_pb_row][et_pb_row column_structure=&#8221;1_2,1_2&#8243; use_custom_gutter=&#8221;on&#8221; disabled_on=&#8221;off|off|on&#8221; _builder_version=&#8221;4.27.0&#8243; _module_preset=&#8221;default&#8221; width=&#8221;100%&#8221; max_width=&#8221;1500px&#8221; custom_margin=&#8221;4%||||false|false&#8221; global_colors_info=&#8221;{}&#8221;][et_pb_column type=&#8221;1_2&#8243; _builder_version=&#8221;4.27.0&#8243; _module_preset=&#8221;default&#8221; animation_style=&#8221;slide&#8221; animation_direction=&#8221;left&#8221; global_colors_info=&#8221;{}&#8221;][et_pb_image src=&#8221;https:\/\/aspecto.com.pl\/wp-content\/uploads\/2024\/07\/10624145.jpg&#8221; title_text=&#8221;10624145&#8243; _builder_version=&#8221;4.27.0&#8243; _module_preset=&#8221;default&#8221; box_shadow_style=&#8221;preset2&#8243; box_shadow_horizontal=&#8221;3px&#8221; box_shadow_color=&#8221;rgba(0,0,0,0.64)&#8221; global_colors_info=&#8221;{}&#8221;][\/et_pb_image][\/et_pb_column][et_pb_column type=&#8221;1_2&#8243; _builder_version=&#8221;4.27.0&#8243; _module_preset=&#8221;default&#8221; animation_style=&#8221;slide&#8221; animation_direction=&#8221;right&#8221; global_colors_info=&#8221;{}&#8221;][et_pb_blurb title=&#8221;Przy pomocy dron\u00f3w mo\u017cna zidentyfikowa\u0107 :&#8221; icon_placement=&#8221;left&#8221; image_icon_width=&#8221;70px&#8221; content_max_width=&#8221;100%&#8221; _builder_version=&#8221;4.27.0&#8243; _module_preset=&#8221;default&#8221; header_font_size=&#8221;20px&#8221; body_text_color=&#8221;#000000&#8243; body_font_size=&#8221;15px&#8221; body_line_height=&#8221;1.8em&#8221; custom_margin=&#8221;|||0px|false|false&#8221; custom_padding=&#8221;|15px||15px|false|true&#8221; global_colors_info=&#8221;{%22gcid-body-color%22:%91%22icon_color%22%93}&#8221;]<\/p>\n<p><span style=\"font-weight: 400;\"><\/span><\/p>\n<p><span>Zarz\u0105dzanie farmami wiatrowymi wymaga systematycznego monitorowania stanu technicznego turbin, w celu kontroli ich sprawno\u015bci i wydajno\u015b\u0107.\u00a0<\/span><\/p>\n<p><span>Inspekcje farm wiatrowych dronami pozwalaj\u0105 zoptymalizowa\u0107 proces kontroli, eliminuj\u0105 ryzyko pracy na wysoko\u015bci, a ich konkurencyjna cena, w por\u00f3wnaniu z tradycyjnymi metodami, pozwala na cz\u0119stsze i szybsze wykonywanie inspekcji.<\/span><\/p>\n<p><span>Poza kontrol\u0105 zu\u017cycia element\u00f3w konstrukcyjnych turbin wynikaj\u0105cego z eksploatacji, nale\u017cy przeprowadzi\u0107 wnikliw\u0105 diagnostyk\u0119 po ekstremalnych wy\u0142adowaniach atmosferycznych czy bardzo obfitych opadach \u015bniegu b\u0105d\u017a gradobiciu.<\/span><span><\/span><\/p>\n<p><span>Przy pomocy dron\u00f3w jeste\u015bmy w stanie wykry\u0107 np.:<\/span><span><\/span><\/p>\n<p><span>&#8211; erozj\u0119 kraw\u0119dzi natarcia,<\/span><span><\/span><\/p>\n<p><span>&#8211; uszkodzenia spowodowane wy\u0142adowaniami atmosferycznymi,<\/span><span><\/span><\/p>\n<p><span>&#8211; rozwarstwienia i p\u0119kni\u0119cia,<\/span><span><\/span><\/p>\n<p><span>&#8211; zabrudzenia,<\/span><span><\/span><\/p>\n<p><span>&#8211; uszkodzenia pow\u0142oki wierzchniej,<\/span><span><\/span><\/p>\n<p><span>&#8211; suche w\u0142\u00f3kna,<\/span><\/p>\n<p><span>&#8211; uszkodzenia \u0142acznik\u00f3w,<\/span><\/p>\n<p>&nbsp;<\/p>\n<p>[\/et_pb_blurb][\/et_pb_column][\/et_pb_row][\/et_pb_section]<\/p>\n","protected":false},"excerpt":{"rendered":"<p>EnergetykaPosiadamy w swojej ofercie us\u0142ugi dronem z termowizj\u0105.Dzi\u0119ki temu mo\u017cemy szybko oceni\u0107 jako\u015b\u0107 i ewentualne uszkodzenia badanych obiekt\u00f3w.Inspekcje elektrowni s\u0142onecznych oraz infrastruktury elektroenergetycznejPosiadamy w swojej ofercie us\u0142ugi dronem z termowizj\u0105.Dzi\u0119ki temu mo\u017cemy szybko oceni\u0107 jako\u015b\u0107,\u00a0sprawno\u015b\u0107 i ewentualne uszkodzenia badanych obiekt\u00f3w. Diagnostyka instalacji fotowoltaicznych za pomoc\u0105 drona wyposa\u017conego w kamer\u0119 termowizyjn\u0105 pozwala na wykrycie i dok\u0142adne [&hellip;]<\/p>\n","protected":false},"author":1,"featured_media":0,"parent":0,"menu_order":0,"comment_status":"closed","ping_status":"closed","template":"","meta":{"_et_pb_use_builder":"on","_et_pb_old_content":"","_et_gb_content_width":"","footnotes":""},"difl_page_category":[],"class_list":["post-18","page","type-page","status-publish","hentry"],"_links":{"self":[{"href":"https:\/\/aspecto.com.pl\/index.php\/wp-json\/wp\/v2\/pages\/18"}],"collection":[{"href":"https:\/\/aspecto.com.pl\/index.php\/wp-json\/wp\/v2\/pages"}],"about":[{"href":"https:\/\/aspecto.com.pl\/index.php\/wp-json\/wp\/v2\/types\/page"}],"author":[{"embeddable":true,"href":"https:\/\/aspecto.com.pl\/index.php\/wp-json\/wp\/v2\/users\/1"}],"replies":[{"embeddable":true,"href":"https:\/\/aspecto.com.pl\/index.php\/wp-json\/wp\/v2\/comments?post=18"}],"version-history":[{"count":52,"href":"https:\/\/aspecto.com.pl\/index.php\/wp-json\/wp\/v2\/pages\/18\/revisions"}],"predecessor-version":[{"id":746,"href":"https:\/\/aspecto.com.pl\/index.php\/wp-json\/wp\/v2\/pages\/18\/revisions\/746"}],"wp:attachment":[{"href":"https:\/\/aspecto.com.pl\/index.php\/wp-json\/wp\/v2\/media?parent=18"}],"wp:term":[{"taxonomy":"difl_page_category","embeddable":true,"href":"https:\/\/aspecto.com.pl\/index.php\/wp-json\/wp\/v2\/difl_page_category?post=18"}],"curies":[{"name":"wp","href":"https:\/\/api.w.org\/{rel}","templated":true}]}}